{"id":1389,"date":"2024-04-02T20:45:59","date_gmt":"2024-04-02T20:45:59","guid":{"rendered":"https:\/\/itcompany.cl\/?post_type=product&#038;p=1389"},"modified":"2024-12-12T21:04:01","modified_gmt":"2024-12-12T21:04:01","slug":"tablet-resistente-oukitel-modelo-rt-titan","status":"publish","type":"product","link":"https:\/\/itcompany.cl\/index.php\/producto\/tablet-resistente-oukitel-modelo-rt-titan\/","title":{"rendered":"Tablet Resistente Oukitel modelo RT7 Titan (10&#8243;)"},"content":{"rendered":"<div class=\"easyslider-header\" tabindex=\"0\" role=\"tab\" aria-selected=\"true\" aria-labelledby=\"easyslider-label-1711058610213-0\">\n<div class=\"easyslider-anchor\"><strong><span id=\"easyslider-label-1711058610213-0\" class=\"easyslider-header-text\">INFORMACION BASICA<\/span><\/strong><\/div>\n<\/div>\n<div class=\"easyslider-content\" role=\"tabpanel\" aria-expanded=\"true\" aria-hidden=\"false\" aria-labelledby=\"easyslider-label-1711058610213-0\">\n<div class=\"easyslider-content-wrapper\">\n<p><strong>Modelo<\/strong>: RT7 Titan<\/p>\n<p><strong>Bater\u00eda<\/strong>: Cargador r\u00e1pido de <strong>32000 mAh<\/strong> \/ 33 W<\/p>\n<p><strong>Sistema<\/strong> operativo:\u00a0Android 13, versi\u00f3n est\u00e1ndar<\/p>\n<p><strong>Memoria<\/strong>:<\/p>\n<p>RT7 5G:\u00a024 GB de RAM (12 GB + hasta 12 GB de RAM extendida) + 256 GB de ROM<\/p>\n<p>RT7 4G: 16 GB de RAM (8 GB + hasta 8 GB de RAM extendida) + 256 GB de ROM<\/p>\n<p><strong>Expansi\u00f3n<\/strong> de almacenamiento:\u00a0Soporte (m\u00e1ximo a 1 TB)<\/p>\n<p><strong>Interfaz<\/strong> del cargador:\u00a0puerto tipo C\/cargador de 33 W<\/p>\n<p><strong>UPC<\/strong>:<\/p>\n<p>RT7 5G: MediaTekDimensity720, proceso de 6 nm<\/p>\n<p>RT7 4G: MediaTek MT8788, proceso de 12 nm<\/p>\n<p><strong>GPU<\/strong>:<\/p>\n<p><span class=\"\">RT7 4G: Armar Mali-G72 MP3<\/span><\/p>\n<p>RT7 5G: Armar Mali-G57 MC3<\/p>\n<p><strong>Certificaci\u00f3n<\/strong> de bater\u00eda: UN38.3 \/ MSDS \/ Transporte a\u00e9reo \/ Transporte mar\u00edtimo<\/p>\n<p><strong>Certificaci\u00f3n<\/strong> de hardware: CE(IEC62133 \/ ROHS \/ SAR) \/ FCC, IP68, IP69K, MIL-STD-810G<\/p>\n<p>Certificaci\u00f3n de software: GMS<\/p>\n<p>Alto: 249,1 mm Ancho: 167,8 mm Grosor: 19,8 mm<\/p>\n<p>Peso: 1212 g<\/p>\n<p>La relaci\u00f3n m\u00e1xima de absorci\u00f3n de radiaci\u00f3n electromagn\u00e9tica (SAR) es 2,0 W\/kg<\/p>\n<p><strong>CARACTERISTICAS:<\/strong><\/p>\n<\/div>\n<\/div>\n<p>180 d\u00edas en espera<\/p>\n<p>Robustez: MIL-STD-810H, IP68, IP69K<\/p>\n<p>ROM de 256 GB, Flash UFS 2.2<\/p>\n<p>Pantalla 10,1 pulgadas 1920*200<\/p>\n<p>Sony IMX586 de 48MP<\/p>\n<p>Vidrio Corning Gorilla 5 (resistencia superior)<\/p>\n<p>Soporte de cobro inverso<\/p>\n<p>Desbloqueo con huella digital: NA<\/p>\n<p>Desbloqueo facial: S\u00ed<\/p>\n<p>Compatible con NFC, FM<\/p>\n<p>Compatible con WiFi IEEE802.11 a\/b\/g\/n\/ac 2.4\/5G<\/p>\n<p>bluetooth 5.2<\/p>\n<p>GPS: GPS+Glonass+Galileo+Beidou<\/p>\n<p><span class=\"\">Chip celular Nano + Nano\/Nano + TF, expansi\u00f3n m\u00e1xima a 1 TB<\/span><\/p>\n<p><strong>BANDAS<\/strong>:<\/p>\n<p>Homologado para operar con todas las compa\u00f1\u00edas de chile<\/p>\n<p><strong>RESISTENCIA<\/strong>:<\/p>\n<p>Cumple resistencia militar (golpes, vibraciones, temperaturas extremas) y sellado a polvo y agua IP68 \/ IP69K (bajo el agua)<\/p>\n<div class=\"ast-oembed-container\" style=\"height: 100%;\"><iframe title=\"OUKITEL RT7 Titan- World&#039;s First 5G Rugged Tablet with World&#039;s Biggest Battery Capacity(32000mAh)\" width=\"500\" height=\"281\" src=\"https:\/\/www.youtube.com\/embed\/XCVdhKI5GcU?start=22&#038;feature=oembed&#038;enablejsapi=1&#038;origin=https:\/\/itcompany.cl\" frameborder=\"0\" allow=\"accelerometer; autoplay; clipboard-write; encrypted-media; gyroscope; picture-in-picture; web-share\" referrerpolicy=\"strict-origin-when-cross-origin\" allowfullscreen><\/iframe><\/div>\n","protected":false},"excerpt":{"rendered":"<p>Tablet Resistente RT7: 10.1&#8243;, FHD 1200*1920, Android 13, CPU MT8788 Octa Core, 12\/256, 32MP\/48MP, bater\u00eda 32000, Resistencia militar STD-MIL 810, ca\u00edda 1,5mt, sellado IP68\/69 bajo el agua, FaceID, OTG, GPS, dos chip celular, Opcional: Manilla soporte aluminio<\/p>\n<p><a href=\"https:\/\/itcompany.cl\/index.php\/contacto\/\"><img decoding=\"async\" class=\"alignnone size-medium wp-image-1371\" src=\"https:\/\/itcompany.cl\/wp-content\/uploads\/2024\/03\/1-Boton-cotizacion-300x44.jpg\" alt=\"\" width=\"300\" height=\"44\" srcset=\"https:\/\/itcompany.cl\/wp-content\/uploads\/2024\/03\/1-Boton-cotizacion-300x44.jpg 300w, https:\/\/itcompany.cl\/wp-content\/uploads\/2024\/03\/1-Boton-cotizacion.jpg 517w\" sizes=\"(max-width: 300px) 100vw, 300px\" \/><\/a><\/p>\n<p><a href=\"https:\/\/itcompany.cl\/wp-content\/uploads\/2024\/04\/Tabla-comparativa-Tablet.pdf\"><img decoding=\"async\" class=\"alignnone size-medium wp-image-1372\" src=\"https:\/\/itcompany.cl\/wp-content\/uploads\/2024\/03\/2-Boton-T-C-tablet-300x44.jpg\" alt=\"\" width=\"300\" height=\"44\" srcset=\"https:\/\/itcompany.cl\/wp-content\/uploads\/2024\/03\/2-Boton-T-C-tablet-300x44.jpg 300w, https:\/\/itcompany.cl\/wp-content\/uploads\/2024\/03\/2-Boton-T-C-tablet.jpg 516w\" sizes=\"(max-width: 300px) 100vw, 300px\" \/><\/a><\/p>\n<p><a href=\"https:\/\/itcompany.cl\/wp-content\/uploads\/2024\/04\/RT7-Titan.pdf\"><img decoding=\"async\" class=\"alignnone wp-image-1375 size-medium\" src=\"https:\/\/itcompany.cl\/wp-content\/uploads\/2024\/03\/5-Boton-Ficha-tecnica-300x43.jpg\" alt=\"\" width=\"300\" height=\"43\" srcset=\"https:\/\/itcompany.cl\/wp-content\/uploads\/2024\/03\/5-Boton-Ficha-tecnica-300x43.jpg 300w, https:\/\/itcompany.cl\/wp-content\/uploads\/2024\/03\/5-Boton-Ficha-tecnica.jpg 517w\" sizes=\"(max-width: 300px) 100vw, 300px\" \/><\/a><\/p>\n<p><a href=\"https:\/\/itcompany.cl\/wp-content\/uploads\/2024\/04\/RT7-Titan-Resistencia-y-Sellado.pdf\"><img loading=\"lazy\" decoding=\"async\" class=\"alignnone wp-image-1376 size-medium\" src=\"https:\/\/itcompany.cl\/wp-content\/uploads\/2024\/03\/6-Boton-certificado-300x41.jpg\" alt=\"\" width=\"300\" height=\"41\" srcset=\"https:\/\/itcompany.cl\/wp-content\/uploads\/2024\/03\/6-Boton-certificado-300x41.jpg 300w, https:\/\/itcompany.cl\/wp-content\/uploads\/2024\/03\/6-Boton-certificado.jpg 516w\" sizes=\"(max-width: 300px) 100vw, 300px\" \/><\/a><\/p>\n","protected":false},"featured_media":1391,"template":"","meta":{"site-sidebar-layout":"default","site-content-layout":"","ast-site-content-layout":"default","site-content-style":"default","site-sidebar-style":"default","ast-global-header-display":"","ast-banner-title-visibility":"","ast-main-header-display":"","ast-hfb-above-header-display":"","ast-hfb-below-header-display":"","ast-hfb-mobile-header-display":"","site-post-title":"","ast-breadcrumbs-content":"","ast-featured-img":"","footer-sml-layout":"","theme-transparent-header-meta":"default","adv-header-id-meta":"","stick-header-meta":"","header-above-stick-meta":"","header-main-stick-meta":"","header-below-stick-meta":"","astra-migrate-meta-layouts":"set","ast-page-background-enabled":"default","ast-page-background-meta":{"desktop":{"background-color":"var(--ast-global-color-4)","background-image":"","background-repeat":"repeat","background-position":"center center","background-size":"auto","background-attachment":"scroll","background-type":"","background-media":"","overlay-type":"","overlay-color":"","overlay-gradient":""},"tablet":{"background-color":"","background-image":"","background-repeat":"repeat","background-position":"center center","background-size":"auto","background-attachment":"scroll","background-type":"","background-media":"","overlay-type":"","overlay-color":"","overlay-gradient":""},"mobile":{"background-color":"","background-image":"","background-repeat":"repeat","background-position":"center center","background-size":"auto","background-attachment":"scroll","background-type":"","background-media":"","overlay-type":"","overlay-color":"","overlay-gradient":""}},"ast-content-background-meta":{"desktop":{"background-color":"var(--ast-global-color-5)","background-image":"","background-repeat":"repeat","background-position":"center center","background-size":"auto","background-attachment":"scroll","background-type":"","background-media":"","overlay-type":"","overlay-color":"","overlay-gradient":""},"tablet":{"background-color":"var(--ast-global-color-5)","background-image":"","background-repeat":"repeat","background-position":"center center","background-size":"auto","background-attachment":"scroll","background-type":"","background-media":"","overlay-type":"","overlay-color":"","overlay-gradient":""},"mobile":{"background-color":"var(--ast-global-color-5)","background-image":"","background-repeat":"repeat","background-position":"center center","background-size":"auto","background-attachment":"scroll","background-type":"","background-media":"","overlay-type":"","overlay-color":"","overlay-gradient":""}}},"product_cat":[28],"product_tag":[],"class_list":{"0":"post-1389","1":"product","2":"type-product","3":"status-publish","4":"has-post-thumbnail","6":"product_cat-tablets-resistentes-android","7":"desktop-align-left","8":"tablet-align-left","9":"mobile-align-left","11":"first","12":"instock","13":"shipping-taxable","14":"purchasable","15":"product-type-simple"},"_links":{"self":[{"href":"https:\/\/itcompany.cl\/index.php\/wp-json\/wp\/v2\/product\/1389","targetHints":{"allow":["GET"]}}],"collection":[{"href":"https:\/\/itcompany.cl\/index.php\/wp-json\/wp\/v2\/product"}],"about":[{"href":"https:\/\/itcompany.cl\/index.php\/wp-json\/wp\/v2\/types\/product"}],"wp:featuredmedia":[{"embeddable":true,"href":"https:\/\/itcompany.cl\/index.php\/wp-json\/wp\/v2\/media\/1391"}],"wp:attachment":[{"href":"https:\/\/itcompany.cl\/index.php\/wp-json\/wp\/v2\/media?parent=1389"}],"wp:term":[{"taxonomy":"product_cat","embeddable":true,"href":"https:\/\/itcompany.cl\/index.php\/wp-json\/wp\/v2\/product_cat?post=1389"},{"taxonomy":"product_tag","embeddable":true,"href":"https:\/\/itcompany.cl\/index.php\/wp-json\/wp\/v2\/product_tag?post=1389"}],"curies":[{"name":"wp","href":"https:\/\/api.w.org\/{rel}","templated":true}]}}