{"id":979,"date":"2024-02-20T19:34:55","date_gmt":"2024-02-20T19:34:55","guid":{"rendered":"https:\/\/itcompany.cl\/?post_type=product&#038;p=979"},"modified":"2024-12-12T21:00:03","modified_gmt":"2024-12-12T21:00:03","slug":"oukitel-wp21-ultra-68-pulgadas-66w-carga-rapida-9800mah-bateria-imagen-termica-telefono-ip68","status":"publish","type":"product","link":"https:\/\/itcompany.cl\/index.php\/producto\/oukitel-wp21-ultra-68-pulgadas-66w-carga-rapida-9800mah-bateria-imagen-termica-telefono-ip68\/","title":{"rendered":"Tel\u00e9fono Resistente Oukitel WP21 Ultra (6,8&#8243;)"},"content":{"rendered":"<section id=\"shopify-section-template--16343811686531__main\" class=\"shopify-section t4s-section t4s-section-main t4s-section-main-product t4s_tp_flickity\">\n<div class=\"t4s-product-tabs-wrapper t4s-product-tabs-wrapper-template--16343811686531__main is--tab-design__tab is--tab-design-mb__tab is--tab-layout__full is--tab-position__external\">\n<div class=\"t4s-container\">\n<div class=\"t4s-tabs t4s-type-tabs t4s-accordion-mb-false t4s-tabs-enabled t4s-tabs-accordion-enabled\" data-t4s-tabs=\"\" data-t4s-accordion-pr=\"\">\n<div class=\"t4s-tab-wrapper\" data-t4s-tab-wrapper=\"\">\n<div id=\"t4s-tab-destemplate--16343811686531__main\" class=\"t4s-rte t4s-tab-content\" data-t4s-tab-content=\"\">\n<div class=\"main\">\n<div class=\"section_one\">\n<div class=\"banner-info\">\n<div><\/div>\n<div>\n<h1 style=\"text-align: center;\">OUKITEL WP21 Ultra<\/h1>\n<\/div>\n<div class=\"banner_title\" style=\"text-align: center;\"><\/div>\n<p style=\"text-align: center;\">Smartphone incre\u00edblemente resistente con im\u00e1genes t\u00e9rmicas HD<\/p>\n<h1 style=\"text-align: center;\"><span style=\"font-size: 16px;\">Imagen t\u00e9rmica InfiRay<\/span><\/h1>\n<\/div>\n<\/div>\n<div class=\"wp17_specs\">\n<div class=\"section_two\" style=\"text-align: center;\">\n<div class=\"section2_text1\">\n<div class=\"small_text\">256&#215;192,25Hz<\/div>\n<\/div>\n<div class=\"section2_text2\">\n<div class=\"big_text\">Impermeable<br \/>\nA prueba de polvo<br \/>\nA prueba de ca\u00eddas<\/div>\n<\/div>\n<div class=\"section2_text3\">\n<p><span class=\"big_text\">64MP<\/span><\/p>\n<div class=\"small_text\">C\u00e1mara Sony <span style=\"font-size: 16px;\">120Hz<\/span><\/div>\n<\/div>\n<div class=\"section2_text4\">\n<div class=\"small_text\">Frecuencia de actualizaci\u00f3n\u00a0 \u00a06.78&#8243;2460&#215;1080<\/div>\n<\/div>\n<div class=\"section2_text5\">\n<div class=\"small_text\">\n<p>Procesador de vanguardia <span style=\"font-size: 16px; font-style: normal; font-weight: 400;\">Helio G99<\/span><\/p>\n<\/div>\n<\/div>\n<div class=\"section2_text6\">\n<p><span class=\"big_text\">12 GB de RAM x\u00a0<\/span>ROM de 256 GB<\/p>\n<\/div>\n<div class=\"section2_text7\"><span class=\"big_text\">9800mAh<\/span><span class=\"small_text\">Bater\u00eda,\u00a0 \u00a0 <\/span><span class=\"big_text\">66W<\/span>\u00a0<span class=\"small_text\">Carga r\u00e1pida<\/span><\/div>\n<\/div>\n<div class=\"section_three\" style=\"text-align: center;\">\n<p><img fetchpriority=\"high\" decoding=\"async\" class=\"\" src=\"https:\/\/cdn.shopifycdn.net\/s\/files\/1\/0392\/7428\/3139\/files\/wp21-ultra-pc__03.jpg?v=1686034305\" alt=\"\" width=\"1063\" height=\"586\" \/><\/p>\n<div class=\"section3_text1\">\n<p><span class=\"big_text\">La imagen t\u00e9rmica l\u00edder en la industria<\/span><\/p>\n<div class=\"small_text\">Visualiza con precisi\u00f3n el calor<\/div>\n<p>El tel\u00e9fono inteligente ultrarresistente oukitel WP21 viene con un detector infrarrojo no refrigerado InfiRay de 12 \u03bcm y 256 x 192 altamente sensible, con una frecuencia de actualizaci\u00f3n de 25 Hz. Las mediciones de temperatura son muy precisas y las im\u00e1genes y v\u00eddeos t\u00e9rmicos son n\u00edtidos y claros incluso en oscuridad total y condiciones clim\u00e1ticas adversas.<\/p>\n<\/div>\n<\/div>\n<div class=\"section_four\" style=\"text-align: center;\">\n<p><img decoding=\"async\" class=\"\" src=\"https:\/\/cdn.shopifycdn.net\/s\/files\/1\/0392\/7428\/3139\/files\/wp21-ultra-pc__04.jpg?v=1686034304\" alt=\"\" width=\"1000\" height=\"541\" \/><\/p>\n<div class=\"section4_text1\"><span class=\"big_text\">El doble de resoluci\u00f3n IR y frecuencia de actualizaci\u00f3n<\/span><\/div>\n<\/div>\n<div class=\"section_five\" style=\"text-align: center;\">\n<p><img decoding=\"async\" class=\"\" src=\"https:\/\/cdn.shopifycdn.net\/s\/files\/1\/0392\/7428\/3139\/files\/wp21-ultra-pc__05.jpg?v=1686034305\" alt=\"\" width=\"1080\" height=\"603\" \/><\/p>\n<div class=\"section5_text1\">\n<p><span class=\"big_text\">Claridad mejorada<\/span><\/p>\n<div class=\"small_text\">Herramienta de soluci\u00f3n de problemas vers\u00e1til para todos<\/div>\n<p>Combinado con una c\u00e1mara de luz visual dedicada de 5 MP, el WP21 Ultra ofrece una calidad de imagen mejorada, una resoluci\u00f3n t\u00e9rmica mejorada y m\u00e1s detalles en videos y fotograf\u00edas de im\u00e1genes t\u00e9rmicas. Localiza de forma r\u00e1pida y precisa problemas de temperatura que no se ven a simple vista. Le ayuda a encontrar cortocircuitos el\u00e9ctricos, fugas de aire, problemas de plomer\u00eda, fusibles calientes, problemas de aislamiento, mascotas perdidas y mucho m\u00e1s f\u00e1cilmente.<\/p>\n<\/div>\n<\/div>\n<div class=\"section_six\" style=\"text-align: center;\">\n<p><img loading=\"lazy\" decoding=\"async\" class=\"\" src=\"https:\/\/cdn.shopifycdn.net\/s\/files\/1\/0392\/7428\/3139\/files\/wp21-ultra-pc__06.jpg?v=1686034304\" alt=\"\" width=\"1085\" height=\"481\" \/><\/p>\n<div class=\"section6_text1\">\n<p><span class=\"big_text\">Dise\u00f1o f\u00e1cil de usar<\/span><\/p>\n<div class=\"small_text\">Capture im\u00e1genes digitales e infrarrojas a la vez<\/div>\n<p>Adem\u00e1s de los modos IR, RGB, MIX y SPO, el WP21 Ultra incluye un nuevo modo PlP que muestra la imagen t\u00e9rmica en la parte superior izquierda de la imagen digital puede establecer 3 regiones de inter\u00e9s (ROI), elegir entre 11 paletas y personalizar otras configuraciones con solo un toque, puedes tomar fotograf\u00edas continuas o fotograf\u00edas a intervalos.<\/p>\n<\/div>\n<\/div>\n<div class=\"section_seven\" style=\"text-align: center;\">\n<p><img loading=\"lazy\" decoding=\"async\" class=\"\" src=\"https:\/\/cdn.shopifycdn.net\/s\/files\/1\/0392\/7428\/3139\/files\/wp21-ultra-pc__07.jpg?v=1686034305\" alt=\"\" width=\"1116\" height=\"1176\" \/><\/p>\n<div class=\"section7_text1\">\n<p><span class=\"big_text\">Durabilidad inigualable<\/span><\/p>\n<div class=\"small_text\">Protecci\u00f3n a\u00f1adida<\/div>\n<p>Especialmente dise\u00f1ado para soportar ambientes exteriores y hostiles, el WP21 Ultra es impermeable IP68, a prueba de polvo IP69K y con clasificaci\u00f3n MIL-STD-810H.<\/p>\n<\/div>\n<div class=\"section7_text2\">\n<p><span class=\"big_text\">IP68 a prueba de agua<\/span><\/p>\n<div class=\"small_text\">Funciona bajo lluvia intensa, mucha humedad e incluso resistir\u00e1 la inmersi\u00f3n en agua dulce a una profundidad de 1.5 metros por hasta 30 minutos.<\/div>\n<\/div>\n<div class=\"section7_text3\">\n<p><span class=\"big_text\">IP69K a prueba de polvo<\/span><\/p>\n<div class=\"small_text\">Protegido contra la entrada de polvo, arena, etc.<\/div>\n<\/div>\n<div class=\"section7_text4\">\n<p><span class=\"big_text\">A prueba de ca\u00eddas: clasificaci\u00f3n MIL-STD-810H<\/span><\/p>\n<div class=\"small_text\">La supervivencia cae hasta 1.5 metros<\/div>\n<\/div>\n<\/div>\n<div class=\"section_eight\" style=\"text-align: center;\">\n<p><img loading=\"lazy\" decoding=\"async\" class=\"\" src=\"https:\/\/cdn.shopifycdn.net\/s\/files\/1\/0392\/7428\/3139\/files\/wp21-ultra-pc__08.jpg?v=1686034304\" alt=\"\" width=\"1068\" height=\"713\" \/><\/p>\n<div class=\"section8_text1\">\n<p><span class=\"big_text\">MediaTek Helio G99<\/span><\/p>\n<div class=\"small_text\">Rendimiento m\u00e1s r\u00e1pido<\/div>\n<p>Desarrollado por MediaTek Helio G99, el tel\u00e9fono inteligente ultrarresistente WP21 le permite experimentar aplicaciones ultrarr\u00e1pidas, juegos y streaming fluidos y una eficiencia energ\u00e9tica excepcional.<\/p>\n<\/div>\n<\/div>\n<div class=\"section_nine\" style=\"text-align: center;\">\n<p><img loading=\"lazy\" decoding=\"async\" class=\"\" src=\"https:\/\/cdn.shopifycdn.net\/s\/files\/1\/0392\/7428\/3139\/files\/wp21-ultra-pc__09.jpg?v=1686034304\" alt=\"\" width=\"1118\" height=\"755\" \/><\/p>\n<div class=\"section9_text1\">\n<p><span class=\"big_text\">12 GB de RAM + 256 GB de ROM<\/span><\/p>\n<div class=\"small_text\">Almacenamiento sin preocupaciones<\/div>\n<p>El tel\u00e9fono inteligente tiene 12 GB de RAM y 256 GB de ROM. Adem\u00e1s, puedes insertar una tarjeta TF de hasta 2 TB para ampliar su almacenamiento en comparaci\u00f3n con UFS 2.1, la UFS 2.2 ofrece un inicio de aplicaciones y una carga de cach\u00e9 m\u00e1s r\u00e1pidos y acelera el acceso a los datos.<\/p>\n<\/div>\n<\/div>\n<div class=\"section_ten\" style=\"text-align: center;\">\n<p><img loading=\"lazy\" decoding=\"async\" class=\"\" src=\"https:\/\/cdn.shopifycdn.net\/s\/files\/1\/0392\/7428\/3139\/files\/wp21-ultra-pc__10.jpg?v=1686034304\" alt=\"\" width=\"1085\" height=\"611\" \/><\/p>\n<div class=\"section10_text1\">\n<p><span class=\"big_text\">Capture belleza y detalles incre\u00edbles<\/span><\/p>\n<div class=\"small_text\">Mejor claridad, m\u00e1s detalles<\/div>\n<p>El tel\u00e9fono inteligente WP21 Ultra utiliza un dise\u00f1o de c\u00e1mara triple en la parte posterior, mientras que la parte frontal tiene un \u00fanico sensor de 20 MP, lo que permite a todos capturar fotograf\u00edas y v\u00eddeos de alta calidad.<\/p>\n<\/div>\n<\/div>\n<div class=\"section_11\" style=\"text-align: center;\">\n<p><img loading=\"lazy\" decoding=\"async\" class=\"\" src=\"https:\/\/cdn.shopifycdn.net\/s\/files\/1\/0392\/7428\/3139\/files\/wp21-ultra-pc__11.jpg?v=1686034305\" alt=\"\" width=\"1109\" height=\"962\" \/><\/p>\n<div class=\"section11_text1\">\n<p><span class=\"big_text\">C\u00c1MARA AI de 64MP<\/span><\/p>\n<div class=\"small_text\">La innovadora c\u00e1mara principal de 64MP con apertura f\/1.9 y la compatibilidad con PDAF le permiten capturar detalles y colores incre\u00edbles con cualquier iluminaci\u00f3n.<\/div>\n<\/div>\n<div class=\"section11_text2\">\n<p><span class=\"big_text\">NOCHE DE 20MP<\/span><\/p>\n<div class=\"big_text\">C\u00c1MARA DE VISI\u00d3N NOCTURNA<\/div>\n<div class=\"small_text\">La c\u00e1mara infrarroja de visi\u00f3n nocturna de 20MP con tres LED IR le permite tomar f\u00e1cilmente fotograf\u00edas y videos monocrom\u00e1ticos HD extraordinarios en condiciones de poca luz o en oscuridad total.<\/div>\n<\/div>\n<div class=\"section11_text3\">\n<p><span class=\"big_text\">C\u00c1MARA FRONTAL DE 20MP<\/span><\/p>\n<div class=\"small_text\">Obtenga selfies excepcionales y proporcione la claridad perfecta en videollamadas, transmisiones en vivo y m\u00e1s.<\/div>\n<\/div>\n<\/div>\n<div class=\"section_12\" style=\"text-align: center;\">\n<p><img loading=\"lazy\" decoding=\"async\" class=\"\" src=\"https:\/\/cdn.shopifycdn.net\/s\/files\/1\/0392\/7428\/3139\/files\/wp21-ultra-pc__12.jpg?v=1686034304\" alt=\"\" width=\"1085\" height=\"755\" \/><\/p>\n<div class=\"section12_text1\">\n<p><span class=\"big_text\">Pantalla FHD+ de 120 Hz<\/span><\/p>\n<div class=\"small_text\">Desplazamiento s\u00faper suave<\/div>\n<p>El WP21 Ultra cuenta con un 6.Pantalla t\u00e1ctil FHD+IPS de 78&#8243; con una frecuencia de actualizaci\u00f3n de 120 Hz, que le permite ver c\u00f3modamente detalles y colores vivos con cualquier iluminaci\u00f3n y disfrutar de acciones m\u00e1s fluidas y aplicaciones con mayor capacidad de respuesta.430 nits de brillo proporcionan una excelente legibilidad en exteriores.<\/p>\n<\/div>\n<\/div>\n<div class=\"section_13\" style=\"text-align: center;\">\n<p><img loading=\"lazy\" decoding=\"async\" class=\"\" src=\"https:\/\/cdn.shopifycdn.net\/s\/files\/1\/0392\/7428\/3139\/files\/wp21-ultra-pc__13.jpg?v=1686034305\" alt=\"\" width=\"1079\" height=\"757\" \/><\/p>\n<div class=\"section13_text1\">\n<p><span class=\"big_text\">Bater\u00eda de 9800 mAh<\/span><\/p>\n<div class=\"small_text\">Dura hasta 48 d\u00edas<\/div>\n<p>El WP21 Ultra siempre te respalda con una enorme bater\u00eda de 9800 mAh.Admite hasta 68 horas de llamadas o permanece en espera durante unos incre\u00edbles 48 d\u00edas.<\/p>\n<\/div>\n<\/div>\n<div class=\"section_14\" style=\"text-align: center;\">\n<p><img loading=\"lazy\" decoding=\"async\" class=\"\" src=\"https:\/\/cdn.shopifycdn.net\/s\/files\/1\/0392\/7428\/3139\/files\/wp21-ultra-pc__14.jpg?v=1686034304\" alt=\"\" width=\"1094\" height=\"534\" \/><\/p>\n<div class=\"section14_text1\">\n<p><span class=\"big_text\">Carga ultrarr\u00e1pida de 66 W<\/span><\/p>\n<div class=\"small_text\">100% de bater\u00eda en 59 minutos<\/div>\n<p>Ya sea que te quedes sin bater\u00eda o te embarques en un viaje de campamento de \u00faltimo momento, puedes cargar completamente el WP21 Ultra en tan solo 59 minutos con su cargador s\u00faper r\u00e1pido de 66 W.<\/p>\n<\/div>\n<\/div>\n<div class=\"section_15\"><img loading=\"lazy\" decoding=\"async\" class=\"aligncenter\" src=\"https:\/\/cdn.shopifycdn.net\/s\/files\/1\/0392\/7428\/3139\/files\/wp21-ultra-pc__15.jpg?v=1686034305\" alt=\"\" width=\"1116\" height=\"1091\" \/><\/div>\n<\/div>\n<\/div>\n<\/div>\n<\/div>\n<\/div>\n<\/div>\n<\/div>\n<\/section>\n<div id=\"shopify-section-template--16343811686531__product-recommendations\" class=\"shopify-section t4s-section id_product-recommendations\">\n<div id=\"pr_recommendations\" class=\"t4s-product-extra\" data-sid=\"template--16343811686531__product-recommendations\" data-baseurl=\"\/?type=product&amp;options%5Bunavailable_products%5D=last&amp;options%5Bprefix%5D=none&amp;q=vendor%3AOUKITEL%20-id%3A7881847898243\" data-type=\"4\" data-expands=\"-1\">\n<div class=\"t4s-section-inner t4s_nt_se_template--16343811686531__product-recommendations t4s_se_template--16343811686531__product-recommendations t4s-container-wrap \">\n<div class=\"t4s-flicky-slider t4s_box_pr_slider t4s-products t4s-text-default t4s_rationt t4s_position_8 t4s_nt_cover t4s-slider-btn-style-outline t4s-slider-btn-round t4s-slider-btn-small t4s-slider-btn-cl-dark t4s-slider-btn-vi-1 t4s-slider-btn-hidden-mobile-true t4s-row t4s-row-cols-lg-4 t4s-row-cols-md-2 t4s-row-cols-2 t4s-gx-md-30 t4s-gy-md-30 t4s-gx-10 t4s-gy-10 flickityt4s flickityt4s-later flickityt4s-enabled is-draggable t4s-enabled\" tabindex=\"0\" data-t4s-resizeobserver=\"\" data-flickityt4s-js=\"{&quot;setPrevNextButtons&quot;:true,&quot;arrowIcon&quot;:&quot;1&quot;,&quot;imagesLoaded&quot;: 0,&quot;adaptiveHeight&quot;: 0, &quot;contain&quot;: 1, &quot;groupCells&quot;: &quot;100%&quot;, &quot;dragThreshold&quot; : 5, &quot;cellAlign&quot;: &quot;left&quot;,&quot;wrapAround&quot;: true,&quot;prevNextButtons&quot;: true,&quot;percentPosition&quot;: 1,&quot;pageDots&quot;: false, &quot;autoPlay&quot; : 0, &quot;pauseAutoPlayOnHover&quot; : true }\">\n<div class=\"ast-oembed-container\" style=\"height: 100%;\"><iframe title=\"OUKITEL WP21 Ultra has THERMAL IMAGING &amp; INSANE Infrared Night Vision!!!\" width=\"500\" height=\"281\" src=\"https:\/\/www.youtube.com\/embed\/dfOzIG6XFYg?feature=oembed&#038;enablejsapi=1&#038;origin=https:\/\/itcompany.cl\" frameborder=\"0\" allow=\"accelerometer; autoplay; clipboard-write; encrypted-media; gyroscope; picture-in-picture; web-share\" referrerpolicy=\"strict-origin-when-cross-origin\" allowfullscreen><\/iframe><\/div>\n<\/div>\n<\/div>\n<\/div>\n<\/div>\n","protected":false},"excerpt":{"rendered":"<p>SmartPhone Resistente WP21 Ultra: FHD 6.78&#8243;, android 12, CPU MediaTek Helio G99, 12 GB de RAM + 256 GB de ROM, 64MP tres Camera, Night Vision, <strong><span style=\"color: #ff6600;\">IMAGEN TERMICA<\/span><\/strong>, bater\u00eda 9800, Resistencia militar STD-MIL 810, ca\u00edda 1,5mt, sellado IP68\/69 bajo el agua, Face, ID, OTG, GPS, dos chip celular<\/p>\n<p><a href=\"https:\/\/itcompany.cl\/index.php\/contacto\/\"><img loading=\"lazy\" decoding=\"async\" class=\"alignnone wp-image-1371 size-medium\" src=\"https:\/\/itcompany.cl\/wp-content\/uploads\/2024\/03\/1-Boton-cotizacion-300x44.jpg\" alt=\"\" width=\"300\" height=\"44\" srcset=\"https:\/\/itcompany.cl\/wp-content\/uploads\/2024\/03\/1-Boton-cotizacion-300x44.jpg 300w, https:\/\/itcompany.cl\/wp-content\/uploads\/2024\/03\/1-Boton-cotizacion.jpg 517w\" sizes=\"(max-width: 300px) 100vw, 300px\" \/><\/a><\/p>\n<p><a href=\"https:\/\/itcompany.cl\/wp-content\/uploads\/2024\/04\/Tabla-comparativa-Smartphone.pdf\"><img loading=\"lazy\" decoding=\"async\" class=\"alignnone wp-image-1373 size-medium\" src=\"https:\/\/itcompany.cl\/wp-content\/uploads\/2024\/03\/3-Boton-T-C-telefonos-300x44.jpg\" alt=\"\" width=\"300\" height=\"44\" srcset=\"https:\/\/itcompany.cl\/wp-content\/uploads\/2024\/03\/3-Boton-T-C-telefonos-300x44.jpg 300w, https:\/\/itcompany.cl\/wp-content\/uploads\/2024\/03\/3-Boton-T-C-telefonos.jpg 515w\" sizes=\"(max-width: 300px) 100vw, 300px\" \/><\/a><\/p>\n<p><a href=\"https:\/\/itcompany.cl\/wp-content\/uploads\/2024\/04\/WP21-Ultra.pdf\"><img loading=\"lazy\" decoding=\"async\" class=\"alignnone size-medium wp-image-1375\" src=\"https:\/\/itcompany.cl\/wp-content\/uploads\/2024\/03\/5-Boton-Ficha-tecnica-300x43.jpg\" alt=\"\" width=\"300\" height=\"43\" srcset=\"https:\/\/itcompany.cl\/wp-content\/uploads\/2024\/03\/5-Boton-Ficha-tecnica-300x43.jpg 300w, https:\/\/itcompany.cl\/wp-content\/uploads\/2024\/03\/5-Boton-Ficha-tecnica.jpg 517w\" sizes=\"(max-width: 300px) 100vw, 300px\" \/><\/a><\/p>\n<p><a href=\"https:\/\/itcompany.cl\/wp-content\/uploads\/2024\/04\/WP21-Ultra-Resistencia-y-Sellado.pdf\"><img loading=\"lazy\" decoding=\"async\" class=\"alignnone wp-image-1376 size-medium\" src=\"https:\/\/itcompany.cl\/wp-content\/uploads\/2024\/03\/6-Boton-certificado-300x41.jpg\" alt=\"\" width=\"300\" height=\"41\" srcset=\"https:\/\/itcompany.cl\/wp-content\/uploads\/2024\/03\/6-Boton-certificado-300x41.jpg 300w, https:\/\/itcompany.cl\/wp-content\/uploads\/2024\/03\/6-Boton-certificado.jpg 516w\" sizes=\"(max-width: 300px) 100vw, 300px\" \/><\/a><\/p>\n<p>&nbsp;<\/p>\n","protected":false},"featured_media":1506,"template":"","meta":{"site-sidebar-layout":"default","site-content-layout":"","ast-site-content-layout":"default","site-content-style":"default","site-sidebar-style":"default","ast-global-header-display":"","ast-banner-title-visibility":"","ast-main-header-display":"","ast-hfb-above-header-display":"","ast-hfb-below-header-display":"","ast-hfb-mobile-header-display":"","site-post-title":"","ast-breadcrumbs-content":"","ast-featured-img":"","footer-sml-layout":"","theme-transparent-header-meta":"default","adv-header-id-meta":"","stick-header-meta":"","header-above-stick-meta":"","header-main-stick-meta":"","header-below-stick-meta":"","astra-migrate-meta-layouts":"set","ast-page-background-enabled":"default","ast-page-background-meta":{"desktop":{"background-color":"var(--ast-global-color-4)","background-image":"","background-repeat":"repeat","background-position":"center center","background-size":"auto","background-attachment":"scroll","background-type":"","background-media":"","overlay-type":"","overlay-color":"","overlay-gradient":""},"tablet":{"background-color":"","background-image":"","background-repeat":"repeat","background-position":"center center","background-size":"auto","background-attachment":"scroll","background-type":"","background-media":"","overlay-type":"","overlay-color":"","overlay-gradient":""},"mobile":{"background-color":"","background-image":"","background-repeat":"repeat","background-position":"center center","background-size":"auto","background-attachment":"scroll","background-type":"","background-media":"","overlay-type":"","overlay-color":"","overlay-gradient":""}},"ast-content-background-meta":{"desktop":{"background-color":"var(--ast-global-color-5)","background-image":"","background-repeat":"repeat","background-position":"center center","background-size":"auto","background-attachment":"scroll","background-type":"","background-media":"","overlay-type":"","overlay-color":"","overlay-gradient":""},"tablet":{"background-color":"var(--ast-global-color-5)","background-image":"","background-repeat":"repeat","background-position":"center center","background-size":"auto","background-attachment":"scroll","background-type":"","background-media":"","overlay-type":"","overlay-color":"","overlay-gradient":""},"mobile":{"background-color":"var(--ast-global-color-5)","background-image":"","background-repeat":"repeat","background-position":"center center","background-size":"auto","background-attachment":"scroll","background-type":"","background-media":"","overlay-type":"","overlay-color":"","overlay-gradient":""}}},"product_cat":[25],"product_tag":[],"class_list":{"0":"post-979","1":"product","2":"type-product","3":"status-publish","4":"has-post-thumbnail","6":"product_cat-telefonos-resistentes","7":"desktop-align-left","8":"tablet-align-left","9":"mobile-align-left","11":"first","12":"instock","13":"shipping-taxable","14":"purchasable","15":"product-type-simple"},"_links":{"self":[{"href":"https:\/\/itcompany.cl\/index.php\/wp-json\/wp\/v2\/product\/979","targetHints":{"allow":["GET"]}}],"collection":[{"href":"https:\/\/itcompany.cl\/index.php\/wp-json\/wp\/v2\/product"}],"about":[{"href":"https:\/\/itcompany.cl\/index.php\/wp-json\/wp\/v2\/types\/product"}],"wp:featuredmedia":[{"embeddable":true,"href":"https:\/\/itcompany.cl\/index.php\/wp-json\/wp\/v2\/media\/1506"}],"wp:attachment":[{"href":"https:\/\/itcompany.cl\/index.php\/wp-json\/wp\/v2\/media?parent=979"}],"wp:term":[{"taxonomy":"product_cat","embeddable":true,"href":"https:\/\/itcompany.cl\/index.php\/wp-json\/wp\/v2\/product_cat?post=979"},{"taxonomy":"product_tag","embeddable":true,"href":"https:\/\/itcompany.cl\/index.php\/wp-json\/wp\/v2\/product_tag?post=979"}],"curies":[{"name":"wp","href":"https:\/\/api.w.org\/{rel}","templated":true}]}}